{"id":190,"date":"2025-04-03T07:54:43","date_gmt":"2025-04-03T05:54:43","guid":{"rendered":"https:\/\/www.2design.fr\/?page_id=190"},"modified":"2026-04-24T21:00:12","modified_gmt":"2026-04-24T19:00:12","slug":"bienvenu-sur-%c2%b2design-le-book-de-mes-realisations","status":"publish","type":"page","link":"https:\/\/www.2design.fr\/","title":{"rendered":"\u00b2Design, le portfolio"},"content":{"rendered":"\n<div class=\"wp-block-columns is-layout-flex wp-container-core-columns-is-layout-9d6595d7 wp-block-columns-is-layout-flex\">\n<div class=\"wp-block-column is-layout-flow wp-block-column-is-layout-flow\" style=\"flex-basis:33.33%\">\n<blockquote class=\"wp-block-quote is-layout-flow wp-block-quote-is-layout-flow\">\n<p>Ce portfolio rassemble une s\u00e9lection de projets d\u00e9velopp\u00e9s au fil des ann\u00e9es, illustrant la diversit\u00e9 et la compl\u00e9mentarit\u00e9 de mon approche.<\/p>\n<\/blockquote>\n<\/div>\n\n\n\n<div class=\"wp-block-column is-layout-flow wp-block-column-is-layout-flow\" style=\"flex-basis:66.66%\">\n<p><strong>Domaines explor\u00e9s :<\/strong><\/p>\n\n\n\n<ul class=\"wp-block-list\">\n<li><strong>Design produit<\/strong>, du plus petit objet \u00e0 la construction hors-site compos\u00e9e de modules 3D.<\/li>\n\n\n\n<li><strong>Design d\u2019espaces<\/strong>, ext\u00e9rieur et\/ou int\u00e9rieur, pour du r\u00e9sidentiel, du tertiaire, du collectif, des institutions.<\/li>\n\n\n\n<li><strong>Design d&rsquo;image<\/strong>, pour l\u2019impression, la s\u00e9rigraphie ou les formats num\u00e9riques tels que photos, illustrations, logo, sch\u00e9ma, rough, notice, mod\u00e8le et rendu 3D, vid\u00e9o&#8230;<\/li>\n<\/ul>\n<\/div>\n<\/div>\n\n\n\n<figure class=\"wp-block-pullquote has-accent-color has-text-color has-link-color wp-elements-aba0db09fc294cbbeed1cd03ead497f8\"><blockquote><p>Chaque projet, men\u00e9 au sein de collectifs ou en solo, traduit ma volont\u00e9 constante de cr\u00e9er le lien entre id\u00e9es et r\u00e9alisation, usages et environnements, exigence et curiosit\u00e9.<\/p><\/blockquote><\/figure>\n\n\n\n<p class=\"has-normal-font-size\">J&rsquo;apporte aux clients mes comp\u00e9tences et mon exp\u00e9rience pour la concr\u00e9tisation d\u2019une solution efficiente, r\u00e9pondant \u00e0 ses besoins, en suivant les r\u00e8gles et obligations.<\/p>\n\n\n<div class=\"wp-block-image\">\n<figure class=\"aligncenter size-large is-resized\"><img loading=\"lazy\" decoding=\"async\" width=\"1024\" height=\"576\" src=\"https:\/\/www.2design.fr\/wp-content\/uploads\/2026\/01\/2013-10-17_PortraitByAnge-005-1024x576.jpg\" alt=\"\" class=\"wp-image-872\" style=\"aspect-ratio:1.7777346132217127;width:264px;height:auto\" srcset=\"https:\/\/www.2design.fr\/wp-content\/uploads\/2026\/01\/2013-10-17_PortraitByAnge-005-1024x576.jpg 1024w, https:\/\/www.2design.fr\/wp-content\/uploads\/2026\/01\/2013-10-17_PortraitByAnge-005-300x169.jpg 300w, https:\/\/www.2design.fr\/wp-content\/uploads\/2026\/01\/2013-10-17_PortraitByAnge-005-768x432.jpg 768w, https:\/\/www.2design.fr\/wp-content\/uploads\/2026\/01\/2013-10-17_PortraitByAnge-005-1536x864.jpg 1536w, https:\/\/www.2design.fr\/wp-content\/uploads\/2026\/01\/2013-10-17_PortraitByAnge-005-2048x1152.jpg 2048w, https:\/\/www.2design.fr\/wp-content\/uploads\/2026\/01\/2013-10-17_PortraitByAnge-005-1200x675.jpg 1200w, https:\/\/www.2design.fr\/wp-content\/uploads\/2026\/01\/2013-10-17_PortraitByAnge-005-1980x1114.jpg 1980w\" sizes=\"auto, (max-width: 1024px) 100vw, 1024px\" \/><\/figure>\n<\/div>\n\n<nav class=\"has-text-color has-accent-color has-background has-background-background-color is-responsive items-justified-center is-vertical wp-block-navigation is-content-justification-center is-layout-flex wp-container-core-navigation-is-layout-0472769e wp-block-navigation-is-layout-flex\" aria-label=\"Produit Espace Image Construction\" \n\t\t data-wp-interactive=\"core\/navigation\" data-wp-context='{\"overlayOpenedBy\":{\"click\":false,\"hover\":false,\"focus\":false},\"type\":\"overlay\",\"roleAttribute\":\"\",\"ariaLabel\":\"Menu\"}'><button aria-haspopup=\"dialog\" aria-label=\"Ouvrir le menu\" class=\"wp-block-navigation__responsive-container-open\" \n\t\t\t\tdata-wp-on--click=\"actions.openMenuOnClick\"\n\t\t\t\tdata-wp-on--keydown=\"actions.handleMenuKeydown\"\n\t\t\t><svg width=\"24\" height=\"24\" xmlns=\"http:\/\/www.w3.org\/2000\/svg\" viewBox=\"0 0 24 24\" aria-hidden=\"true\" focusable=\"false\"><path d=\"M4 7.5h16v1.5H4z\"><\/path><path d=\"M4 15h16v1.5H4z\"><\/path><\/svg><\/button>\n\t\t\t\t<div class=\"wp-block-navigation__responsive-container  has-text-color has-accent-color has-background has-background-background-color\"  id=\"modal-1\" \n\t\t\t\tdata-wp-class--has-modal-open=\"state.isMenuOpen\"\n\t\t\t\tdata-wp-class--is-menu-open=\"state.isMenuOpen\"\n\t\t\t\tdata-wp-watch=\"callbacks.initMenu\"\n\t\t\t\tdata-wp-on--keydown=\"actions.handleMenuKeydown\"\n\t\t\t\tdata-wp-on--focusout=\"actions.handleMenuFocusout\"\n\t\t\t\ttabindex=\"-1\"\n\t\t\t>\n\t\t\t\t\t<div class=\"wp-block-navigation__responsive-close\" tabindex=\"-1\">\n\t\t\t\t\t\t<div class=\"wp-block-navigation__responsive-dialog\" \n\t\t\t\tdata-wp-bind--aria-modal=\"state.ariaModal\"\n\t\t\t\tdata-wp-bind--aria-label=\"state.ariaLabel\"\n\t\t\t\tdata-wp-bind--role=\"state.roleAttribute\"\n\t\t\t>\n\t\t\t\t\t\t\t<button aria-label=\"Fermer le menu\" class=\"wp-block-navigation__responsive-container-close\" \n\t\t\t\tdata-wp-on--click=\"actions.closeMenuOnClick\"\n\t\t\t><svg xmlns=\"http:\/\/www.w3.org\/2000\/svg\" viewBox=\"0 0 24 24\" width=\"24\" height=\"24\" aria-hidden=\"true\" focusable=\"false\"><path d=\"m13.06 12 6.47-6.47-1.06-1.06L12 10.94 5.53 4.47 4.47 5.53 10.94 12l-6.47 6.47 1.06 1.06L12 13.06l6.47 6.47 1.06-1.06L13.06 12Z\"><\/path><\/svg><\/button>\n\t\t\t\t\t\t\t<div class=\"wp-block-navigation__responsive-container-content\" \n\t\t\t\tdata-wp-watch=\"callbacks.focusFirstElement\"\n\t\t\t id=\"modal-1-content\">\n\t\t\t\t\t\t\t\t<ul class=\"wp-block-navigation__container has-text-color has-accent-color has-background has-background-background-color is-responsive items-justified-center is-vertical wp-block-navigation\"><li data-wp-context=\"{ &quot;submenuOpenedBy&quot;: { &quot;click&quot;: false, &quot;hover&quot;: false, &quot;focus&quot;: false }, &quot;type&quot;: &quot;submenu&quot;, &quot;modal&quot;: null, &quot;previousFocus&quot;: null }\" data-wp-interactive=\"core\/navigation\" data-wp-on--focusout=\"actions.handleMenuFocusout\" data-wp-on--keydown=\"actions.handleMenuKeydown\" data-wp-watch=\"callbacks.initMenu\" tabindex=\"-1\" class=\"wp-block-navigation-item has-child open-on-click  menu-item menu-item-type-taxonomy menu-item-object-category wp-block-navigation-submenu\"><button data-wp-bind--aria-expanded=\"state.isMenuOpen\" data-wp-on--click=\"actions.toggleMenuOnClick\" aria-label=\"Sous-menu Design Produit\" class=\"wp-block-navigation-item__content wp-block-navigation-submenu__toggle\" ><span class=\"wp-block-navigation-item__label\">Design Produit<\/span><\/button><span class=\"wp-block-navigation__submenu-icon\"><svg xmlns=\"http:\/\/www.w3.org\/2000\/svg\" width=\"12\" height=\"12\" viewBox=\"0 0 12 12\" fill=\"none\" aria-hidden=\"true\" focusable=\"false\"><path d=\"M1.50002 4L6.00002 8L10.5 4\" stroke-width=\"1.5\"><\/path><\/svg><\/span><ul data-wp-on--focus=\"actions.openMenuOnFocus\" class=\"wp-block-navigation__submenu-container has-text-color has-accent-color has-background has-background-background-color  menu-item menu-item-type-taxonomy menu-item-object-category wp-block-navigation-submenu\"><li class=\" wp-block-navigation-item  menu-item menu-item-type-taxonomy menu-item-object-category wp-block-navigation-link\"><a class=\"wp-block-navigation-item__content\"  href=\"https:\/\/www.2design.fr\/index.php\/category\/design-produit\/plv\/\" title=\"\"><span class=\"wp-block-navigation-item__label\">PLV<\/span><\/a><\/li><\/ul><\/li><li data-wp-context=\"{ &quot;submenuOpenedBy&quot;: { &quot;click&quot;: false, &quot;hover&quot;: false, &quot;focus&quot;: false }, &quot;type&quot;: &quot;submenu&quot;, &quot;modal&quot;: null, &quot;previousFocus&quot;: null }\" data-wp-interactive=\"core\/navigation\" data-wp-on--focusout=\"actions.handleMenuFocusout\" data-wp-on--keydown=\"actions.handleMenuKeydown\" data-wp-watch=\"callbacks.initMenu\" tabindex=\"-1\" class=\"wp-block-navigation-item has-child open-on-click  menu-item menu-item-type-taxonomy menu-item-object-category wp-block-navigation-submenu\"><button data-wp-bind--aria-expanded=\"state.isMenuOpen\" data-wp-on--click=\"actions.toggleMenuOnClick\" aria-label=\"Sous-menu Construction\" class=\"wp-block-navigation-item__content wp-block-navigation-submenu__toggle\" ><span class=\"wp-block-navigation-item__label\">Construction<\/span><\/button><span class=\"wp-block-navigation__submenu-icon\"><svg xmlns=\"http:\/\/www.w3.org\/2000\/svg\" width=\"12\" height=\"12\" viewBox=\"0 0 12 12\" fill=\"none\" aria-hidden=\"true\" focusable=\"false\"><path d=\"M1.50002 4L6.00002 8L10.5 4\" stroke-width=\"1.5\"><\/path><\/svg><\/span><ul data-wp-on--focus=\"actions.openMenuOnFocus\" class=\"wp-block-navigation__submenu-container has-text-color has-accent-color has-background has-background-background-color  menu-item menu-item-type-taxonomy menu-item-object-category wp-block-navigation-submenu\"><li class=\" wp-block-navigation-item  menu-item menu-item-type-taxonomy menu-item-object-category wp-block-navigation-link\"><a class=\"wp-block-navigation-item__content\"  href=\"https:\/\/www.2design.fr\/index.php\/category\/design-produit\/construction-modulaire\/\" title=\"\"><span class=\"wp-block-navigation-item__label\">Construction modulaire<\/span><\/a><\/li><\/ul><\/li><li data-wp-context=\"{ &quot;submenuOpenedBy&quot;: { &quot;click&quot;: false, &quot;hover&quot;: false, &quot;focus&quot;: false }, &quot;type&quot;: &quot;submenu&quot;, &quot;modal&quot;: null, &quot;previousFocus&quot;: null }\" data-wp-interactive=\"core\/navigation\" data-wp-on--focusout=\"actions.handleMenuFocusout\" data-wp-on--keydown=\"actions.handleMenuKeydown\" data-wp-watch=\"callbacks.initMenu\" tabindex=\"-1\" class=\"wp-block-navigation-item has-child open-on-click  menu-item menu-item-type-taxonomy menu-item-object-category wp-block-navigation-submenu\"><button data-wp-bind--aria-expanded=\"state.isMenuOpen\" data-wp-on--click=\"actions.toggleMenuOnClick\" aria-label=\"Sous-menu Design visuel\" class=\"wp-block-navigation-item__content wp-block-navigation-submenu__toggle\" ><span class=\"wp-block-navigation-item__label\">Design visuel<\/span><\/button><span class=\"wp-block-navigation__submenu-icon\"><svg xmlns=\"http:\/\/www.w3.org\/2000\/svg\" width=\"12\" height=\"12\" viewBox=\"0 0 12 12\" fill=\"none\" aria-hidden=\"true\" focusable=\"false\"><path d=\"M1.50002 4L6.00002 8L10.5 4\" stroke-width=\"1.5\"><\/path><\/svg><\/span><ul data-wp-on--focus=\"actions.openMenuOnFocus\" class=\"wp-block-navigation__submenu-container has-text-color has-accent-color has-background has-background-background-color  menu-item menu-item-type-taxonomy menu-item-object-category wp-block-navigation-submenu\"><li class=\" wp-block-navigation-item  menu-item menu-item-type-taxonomy menu-item-object-category wp-block-navigation-link\"><a class=\"wp-block-navigation-item__content\"  href=\"https:\/\/www.2design.fr\/index.php\/category\/design-visuel\/video\/\" title=\"\"><span class=\"wp-block-navigation-item__label\">Vid\u00e9o<\/span><\/a><\/li><\/ul><\/li><li data-wp-context=\"{ &quot;submenuOpenedBy&quot;: { &quot;click&quot;: false, &quot;hover&quot;: false, &quot;focus&quot;: false }, &quot;type&quot;: &quot;submenu&quot;, &quot;modal&quot;: null, &quot;previousFocus&quot;: null }\" data-wp-interactive=\"core\/navigation\" data-wp-on--focusout=\"actions.handleMenuFocusout\" data-wp-on--keydown=\"actions.handleMenuKeydown\" data-wp-watch=\"callbacks.initMenu\" tabindex=\"-1\" class=\"wp-block-navigation-item has-child open-on-click  menu-item menu-item-type-taxonomy menu-item-object-category wp-block-navigation-submenu\"><button data-wp-bind--aria-expanded=\"state.isMenuOpen\" data-wp-on--click=\"actions.toggleMenuOnClick\" aria-label=\"Sous-menu Design d&#039;espace int\u00e9rieur\" class=\"wp-block-navigation-item__content wp-block-navigation-submenu__toggle\" ><span class=\"wp-block-navigation-item__label\">Design d&rsquo;espace int\u00e9rieur<\/span><\/button><span class=\"wp-block-navigation__submenu-icon\"><svg xmlns=\"http:\/\/www.w3.org\/2000\/svg\" width=\"12\" height=\"12\" viewBox=\"0 0 12 12\" fill=\"none\" aria-hidden=\"true\" focusable=\"false\"><path d=\"M1.50002 4L6.00002 8L10.5 4\" stroke-width=\"1.5\"><\/path><\/svg><\/span><ul data-wp-on--focus=\"actions.openMenuOnFocus\" class=\"wp-block-navigation__submenu-container has-text-color has-accent-color has-background has-background-background-color  menu-item menu-item-type-taxonomy menu-item-object-category wp-block-navigation-submenu\"><li class=\" wp-block-navigation-item  menu-item menu-item-type-taxonomy menu-item-object-category wp-block-navigation-link\"><a class=\"wp-block-navigation-item__content\"  href=\"https:\/\/www.2design.fr\/index.php\/category\/design-despace\/espace-commercial\/\" title=\"\"><span class=\"wp-block-navigation-item__label\">Espace commercial<\/span><\/a><\/li><li class=\" wp-block-navigation-item  menu-item menu-item-type-taxonomy menu-item-object-category wp-block-navigation-link\"><a class=\"wp-block-navigation-item__content\"  href=\"https:\/\/www.2design.fr\/index.php\/category\/design-despace\/espace-de-vie\/\" title=\"\"><span class=\"wp-block-navigation-item__label\">Espace de vie<\/span><\/a><\/li><\/ul><\/li><\/ul>\n\t\t\t\t\t\t\t<\/div>\n\t\t\t\t\t\t<\/div>\n\t\t\t\t\t<\/div>\n\t\t\t\t<\/div><\/nav>\n\n\n<div class=\"wp-block-group alignfull has-contrast-color has-text-color is-vertical is-content-justification-center is-layout-flex wp-container-core-group-is-layout-f1198d31 wp-block-group-is-layout-flex\" style=\"min-height:40vh;margin-top:0;margin-bottom:0;padding-top:var(--wp--preset--spacing--60);padding-right:var(--wp--preset--spacing--50);padding-bottom:var(--wp--preset--spacing--60);padding-left:var(--wp--preset--spacing--50)\">\n<p class=\"has-text-align-center\" style=\"font-size:13px\">Proudly powered by <a href=\"https:\/\/wordpress.org\">WordPress<\/a><\/p>\n\n\n\n<ul class=\"wp-block-social-links has-normal-icon-size is-style-logos-only is-nowrap is-layout-flex wp-container-core-social-links-is-layout-53bee8aa wp-block-social-links-is-layout-flex\"><li class=\"wp-social-link wp-social-link-facebook  wp-block-social-link\"><a href=\"https:\/\/www.facebook.com\/2design.fr\" class=\"wp-block-social-link-anchor\"><svg width=\"24\" height=\"24\" viewBox=\"0 0 24 24\" version=\"1.1\" xmlns=\"http:\/\/www.w3.org\/2000\/svg\" aria-hidden=\"true\" focusable=\"false\"><path d=\"M12 2C6.5 2 2 6.5 2 12c0 5 3.7 9.1 8.4 9.9v-7H7.9V12h2.5V9.8c0-2.5 1.5-3.9 3.8-3.9 1.1 0 2.2.2 2.2.2v2.5h-1.3c-1.2 0-1.6.8-1.6 1.6V12h2.8l-.4 2.9h-2.3v7C18.3 21.1 22 17 22 12c0-5.5-4.5-10-10-10z\"><\/path><\/svg><span class=\"wp-block-social-link-label screen-reader-text\">Facebook<\/span><\/a><\/li>\n\n<li class=\"wp-social-link wp-social-link-linkedin  wp-block-social-link\"><a href=\"https:\/\/www.linkedin.com\/in\/jean-mathieu-ligier-01067a84\" class=\"wp-block-social-link-anchor\"><svg width=\"24\" height=\"24\" viewBox=\"0 0 24 24\" version=\"1.1\" xmlns=\"http:\/\/www.w3.org\/2000\/svg\" aria-hidden=\"true\" focusable=\"false\"><path d=\"M19.7,3H4.3C3.582,3,3,3.582,3,4.3v15.4C3,20.418,3.582,21,4.3,21h15.4c0.718,0,1.3-0.582,1.3-1.3V4.3 C21,3.582,20.418,3,19.7,3z M8.339,18.338H5.667v-8.59h2.672V18.338z M7.004,8.574c-0.857,0-1.549-0.694-1.549-1.548 c0-0.855,0.691-1.548,1.549-1.548c0.854,0,1.547,0.694,1.547,1.548C8.551,7.881,7.858,8.574,7.004,8.574z M18.339,18.338h-2.669 v-4.177c0-0.996-0.017-2.278-1.387-2.278c-1.389,0-1.601,1.086-1.601,2.206v4.249h-2.667v-8.59h2.559v1.174h0.037 c0.356-0.675,1.227-1.387,2.526-1.387c2.703,0,3.203,1.779,3.203,4.092V18.338z\"><\/path><\/svg><span class=\"wp-block-social-link-label screen-reader-text\">LinkedIn<\/span><\/a><\/li>\n\n<li class=\"wp-social-link wp-social-link-youtube  wp-block-social-link\"><a href=\"https:\/\/www.youtube.com\/watch?v=Lk1k3p0V8x4&#038;list=PLbkfiG2CKgQ0VQnwpq1koN4yPuG_45zsF\" class=\"wp-block-social-link-anchor\"><svg width=\"24\" height=\"24\" viewBox=\"0 0 24 24\" version=\"1.1\" xmlns=\"http:\/\/www.w3.org\/2000\/svg\" aria-hidden=\"true\" focusable=\"false\"><path d=\"M21.8,8.001c0,0-0.195-1.378-0.795-1.985c-0.76-0.797-1.613-0.801-2.004-0.847c-2.799-0.202-6.997-0.202-6.997-0.202 h-0.009c0,0-4.198,0-6.997,0.202C4.608,5.216,3.756,5.22,2.995,6.016C2.395,6.623,2.2,8.001,2.2,8.001S2,9.62,2,11.238v1.517 c0,1.618,0.2,3.237,0.2,3.237s0.195,1.378,0.795,1.985c0.761,0.797,1.76,0.771,2.205,0.855c1.6,0.153,6.8,0.201,6.8,0.201 s4.203-0.006,7.001-0.209c0.391-0.047,1.243-0.051,2.004-0.847c0.6-0.607,0.795-1.985,0.795-1.985s0.2-1.618,0.2-3.237v-1.517 C22,9.62,21.8,8.001,21.8,8.001z M9.935,14.594l-0.001-5.62l5.404,2.82L9.935,14.594z\"><\/path><\/svg><span class=\"wp-block-social-link-label screen-reader-text\">YouTube<\/span><\/a><\/li><\/ul>\n<\/div>\n","protected":false},"excerpt":{"rendered":"<p>Ce portfolio rassemble une s\u00e9lection de projets d\u00e9velopp\u00e9s au fil des ann\u00e9es, illustrant la diversit\u00e9 et la compl\u00e9mentarit\u00e9 de mon approche. Domaines explor\u00e9s : Chaque projet, men\u00e9 au sein de collectifs ou en solo, traduit ma volont\u00e9 constante de cr\u00e9er le lien entre id\u00e9es et r\u00e9alisation, usages et environnements, exigence et curiosit\u00e9. J&rsquo;apporte aux clients [&hellip;]<\/p>\n","protected":false},"author":1,"featured_media":383,"parent":0,"menu_order":0,"comment_status":"closed","ping_status":"closed","template":"","meta":{"footnotes":""},"class_list":["post-190","page","type-page","status-publish","has-post-thumbnail","hentry"],"_links":{"self":[{"href":"https:\/\/www.2design.fr\/index.php\/wp-json\/wp\/v2\/pages\/190","targetHints":{"allow":["GET"]}}],"collection":[{"href":"https:\/\/www.2design.fr\/index.php\/wp-json\/wp\/v2\/pages"}],"about":[{"href":"https:\/\/www.2design.fr\/index.php\/wp-json\/wp\/v2\/types\/page"}],"author":[{"embeddable":true,"href":"https:\/\/www.2design.fr\/index.php\/wp-json\/wp\/v2\/users\/1"}],"replies":[{"embeddable":true,"href":"https:\/\/www.2design.fr\/index.php\/wp-json\/wp\/v2\/comments?post=190"}],"version-history":[{"count":40,"href":"https:\/\/www.2design.fr\/index.php\/wp-json\/wp\/v2\/pages\/190\/revisions"}],"predecessor-version":[{"id":1195,"href":"https:\/\/www.2design.fr\/index.php\/wp-json\/wp\/v2\/pages\/190\/revisions\/1195"}],"wp:featuredmedia":[{"embeddable":true,"href":"https:\/\/www.2design.fr\/index.php\/wp-json\/wp\/v2\/media\/383"}],"wp:attachment":[{"href":"https:\/\/www.2design.fr\/index.php\/wp-json\/wp\/v2\/media?parent=190"}],"curies":[{"name":"wp","href":"https:\/\/api.w.org\/{rel}","templated":true}]}}